{"id":30035,"date":"2022-12-28T15:42:08","date_gmt":"2022-12-28T14:42:08","guid":{"rendered":"https:\/\/www.kiteris.com\/sre-site-reliability-engineering\/"},"modified":"2025-10-14T12:41:13","modified_gmt":"2025-10-14T10:41:13","slug":"sre-site-reliability-engineering","status":"publish","type":"page","link":"https:\/\/www.kiteris.com\/en\/sre-site-reliability-engineering\/","title":{"rendered":"SRE Site Reliability Engineering"},"content":{"rendered":"<div class=\"wpb-content-wrapper\"><section id=\"home\" data-vc-full-width=\"true\" data-vc-full-width-init=\"false\" data-stellar-background-ratio=\"0.5\" class=\"vc_row wpb_row vc_row-fluid mobile-height vc_custom_1672311723382 wow fadeIn vc_row-has-fill pofo-stretch-content pofo-stretch-row-container vc_row-o-content-middle vc_row-flex parallax pofo-row-responsive-69e9dadb19fcd\"><div class=\"wpb_column vc_column_container vc_col-sm-2 vc_col-lg-4 vc_hidden-md vc_hidden-sm vc_hidden-xs col-xs-mobile-fullwidth\"><div class=\"vc_column-inner \"><div class=\"wpb_wrapper\"><\/div><\/div><\/div><div class=\"wpb_column vc_column_container vc_col-sm-12 vc_col-lg-8 vc_col-xs-12\"><div class=\"vc_column-inner vc_custom_1671697204319\"><div class=\"wpb_wrapper\"><div class=\"padding-80px-all md-padding-ten-all xs-padding-30px-all block-2 block2-1\"><h1 class=\"alt-font text-extra-dark-gray font-weight-700 letter-spacing-minus-2 title-large dynamic-font-size\" style=\"font-size: 80px; color: #ffffff;\" data-fontsize=\"80px\">SRE<br \/>\n<strong>Site Reliability Engineering<\/strong><\/h1><div class=\"separator-line-horrizontal-full width-90 margin-35px-tb bg-extra-dark-gray xs-margin-20px-tb sm-width-100\" style=\"background-color:#ffffff; \"><\/div><div class=\"text-dark-gray text-extra-large font-weight-300 margin-35px-bottom display-block xs-margin-five-bottom last-paragraph-no-margin\"><p><span style=\"color: #ffffff;\"><strong>At Kiteris we interpret SRE as a framework of the DevOps philosophy applied to maintenance for all types of companies.<\/strong> We consider that SRE details a series of work rules that allow an approach and interpretation of the DevOps philosophy, applied to the reliability of applications and services. For us, a reference simile would be the Scrum framework with respect to the principles of Agile.<\/span><\/p>\n<\/div><\/div><\/div><\/div><\/div><div class=\"down-section text-center down-section-style-1\">\n\t\t\t                            <a href=\"#about\" class=\"down-section-link\"><i class=\"bounce text-deep-pink  ti-mouse icon-small\" style=\"color:#ffffff; \"><\/i><\/a>\n\t\t\t                        <\/div><\/section><div class=\"vc_row-full-width vc_clearfix\"><\/div><section id=\"about\" data-vc-full-width=\"true\" data-vc-full-width-init=\"false\" class=\"vc_row wpb_row vc_row-fluid  vc_custom_1672242303208 vc_row-has-fill pofo-stretch-content pofo-stretch-row-container\"><div class=\"wpb_column vc_column_container vc_col-sm-4 vc_col-md-4 vc_col-xs-12 wow fadeInUp xs-text-center pofo-column-responsive-69e9dadb1a361\"><div class=\"vc_column-inner \"><div class=\"wpb_wrapper\"><div class=\"featurebox2 pofo-featurebox featurebox2-1\" ><div class=\"col-md-3 col-sm-4 col-xs-12 no-padding-left xs-no-padding-right pull-left\"><i class=\"link-icon text-medium-gray xs-margin-15px-bottom position-relative top-minus2 icon-document icon-extra-medium\"><\/i><span class=\"separator-line-verticle-large margin-ten-right bg-deep-pink vertical-align-top pull-right margin-two-top hidden-xs\" style=\"background:#8cc63f; \"><\/span><\/div><div class=\"col-md-9 col-sm-8 col-xs-12 sm-no-padding-lr\"><span class=\"text-medium margin-10px-bottom text-extra-dark-gray alt-font display-block\">Definition<\/span><div class=\"width-90 md-width-100 last-paragraph-no-margin\"><p>SRE is the acronym for Site Reliability Engineering. This translates as Site Reliability Engineering.<\/p>\n<\/div><\/div><\/div><\/div><\/div><\/div><div class=\"wpb_column vc_column_container vc_col-sm-4 vc_col-md-4 vc_col-xs-12 wow fadeInUp xs-text-center pofo-column-responsive-69e9dadb1a4c3\" data-wow-delay= 200ms><div class=\"vc_column-inner \"><div class=\"wpb_wrapper\"><div class=\"featurebox2 pofo-featurebox featurebox2-2\" ><div class=\"col-md-3 col-sm-4 col-xs-12 no-padding-left xs-no-padding-right pull-left\"><i class=\"link-icon text-medium-gray xs-margin-15px-bottom position-relative top-minus2 icon-search icon-extra-medium\"><\/i><span class=\"separator-line-verticle-large margin-ten-right bg-deep-pink vertical-align-top pull-right margin-two-top hidden-xs\" style=\"background:#8cc63f; \"><\/span><\/div><div class=\"col-md-9 col-sm-8 col-xs-12 sm-no-padding-lr\"><span class=\"text-medium margin-10px-bottom text-extra-dark-gray alt-font display-block\">Concept<\/span><div class=\"width-90 md-width-100 last-paragraph-no-margin\"><p>The concept emerged in 2003. When Ben Treynor of Google noticed that no architectural method had succeeded in meeting the requirements of large-scale application or system development.<\/p>\n<\/div><\/div><\/div><\/div><\/div><\/div><div class=\"wpb_column vc_column_container vc_col-sm-4 vc_col-md-4 vc_col-xs-12 wow fadeInUp xs-text-center\" data-wow-delay= 400ms><div class=\"vc_column-inner \"><div class=\"wpb_wrapper\"><div class=\"featurebox2 pofo-featurebox featurebox2-3\" ><div class=\"col-md-3 col-sm-4 col-xs-12 no-padding-left xs-no-padding-right pull-left\"><i class=\"link-icon text-medium-gray xs-margin-15px-bottom position-relative top-minus2 icon-scope icon-extra-medium\"><\/i><span class=\"separator-line-verticle-large margin-ten-right bg-deep-pink vertical-align-top pull-right margin-two-top hidden-xs\" style=\"background:#8cc63f; \"><\/span><\/div><div class=\"col-md-9 col-sm-8 col-xs-12 sm-no-padding-lr\"><span class=\"text-medium margin-10px-bottom text-extra-dark-gray alt-font display-block\">Objective<\/span><div class=\"width-90 md-width-100 last-paragraph-no-margin\"><p>The main goal of SRE is to develop a highly reliable and ultra-scalable software application or system.<\/p>\n<\/div><\/div><\/div><\/div><\/div><\/div><\/section><div class=\"vc_row-full-width vc_clearfix\"><\/div><section id=\"about\" data-vc-full-width=\"true\" data-vc-full-width-init=\"false\" class=\"vc_row wpb_row vc_row-fluid   pofo-stretch-content pofo-stretch-row-container\"><div class=\"wpb_column vc_column_container vc_col-sm-4  col-xs-mobile-fullwidth text-center\"><div class=\"vc_column-inner vc_custom_1672242874622\"><div class=\"wpb_wrapper\"><h4 class=\"text-extra-large margin-25px-bottom display-inline-block heading-style3  vc_custom_1672919026820  heading-1\"  style=\"font-weight: 300;\">Tools and automation...<\/h4>[vc_single_image image=&#8221;29851&#8243; img_size=&#8221;310&#215;303&#8243; alignment=&#8221;center&#8221;]<h4 class=\"text-extra-large margin-25px-bottom display-inline-block heading-style3  vc_custom_1672919033151  heading-2\"  style=\"font-weight: 300;\">of manual tasks.<\/h4><\/div><\/div><\/div><div class=\"wpb_column vc_column_container vc_col-sm-4  col-xs-mobile-fullwidth text-center\"><div class=\"vc_column-inner \"><div class=\"wpb_wrapper\"><h4 class=\"text-extra-large margin-25px-bottom display-inline-block heading-style3  vc_custom_1672919041702  heading-3\"  style=\"font-weight: 300;\">Anticipate problems...<\/h4>[vc_single_image image=&#8221;29853&#8243; img_size=&#8221;310&#215;303&#8243; alignment=&#8221;center&#8221;]<h4 class=\"text-extra-large margin-25px-bottom display-inline-block heading-style3  vc_custom_1672919050023  heading-4\"  style=\"font-weight: 300;\">through proper monitoring (observability).<\/h4><\/div><\/div><\/div><div class=\"wpb_column vc_column_container vc_col-sm-4 vc_col-lg-4 col-xs-mobile-fullwidth text-center\"><div class=\"vc_column-inner vc_custom_1672242890072\"><div class=\"wpb_wrapper\"><h4 class=\"text-extra-large margin-25px-bottom display-inline-block heading-style3  vc_custom_1672919057513  heading-5\"  style=\"font-weight: 300;\">Measure as much as possible...<\/h4>[vc_single_image image=&#8221;29855&#8243; img_size=&#8221;310&#215;303&#8243; alignment=&#8221;center&#8221;]<h4 class=\"text-extra-large margin-25px-bottom display-inline-block heading-style3  vc_custom_1672919063942  heading-6\"  style=\"font-weight: 300;\">with the implementation of SL's (SLA's, SLO's and SLI's).<\/h4><\/div><\/div><\/div><\/section><div class=\"vc_row-full-width vc_clearfix\"><\/div><section id=\"about\" data-vc-full-width=\"true\" data-vc-full-width-init=\"false\" class=\"vc_row wpb_row vc_row-fluid  vc_custom_1672310899378 pofo-stretch-content pofo-stretch-row-container\"><div class=\"wpb_column vc_column_container vc_col-sm-1 vc_col-lg-2 vc_col-md-2 vc_hidden-xs col-xs-mobile-fullwidth\"><div class=\"vc_column-inner \"><div class=\"wpb_wrapper\"><\/div><\/div><\/div><div class=\"wpb_column vc_column_container vc_col-sm-10 vc_col-lg-8 vc_col-md-8 vc_col-xs-12 text-center pofo-column-responsive-69e9dadb1aac4\"><div class=\"vc_column-inner vc_custom_1671701589312\"><div class=\"wpb_wrapper\"><div class=\"text-medium-gray text-small margin-5px-bottom alt-font heading-style4  vc_custom_1672242989308  heading-7\"  style=\"font-size: 16px; line-height: 23px; color: #8cc63f;\" data-fontsize=\"16px\" data-lineheight=\"23px\">SRE<\/div><h4 class=\"text-extra-dark-gray margin-20px-bottom font-weight-600 display-inline-block heading-style2  vc_custom_1672919094654  heading-8\"  style=\"font-weight: 300;\">How does SRE complement DevOps?<\/h4><div class=\"last-paragraph-no-margin\"><p>The concept of SRE was born before the DevOps philosophy. This is not to say that they do not share many ideas and that they are intended to cover similar objectives, but they raise different questions.<\/p>\n<p>Is SRE the same as DevOps? The answer is no.<\/p>\n<\/div><\/div><\/div><\/div><div class=\"wpb_column vc_column_container vc_col-sm-1 vc_col-lg-2 vc_col-md-2 vc_hidden-xs col-xs-mobile-fullwidth\"><div class=\"vc_column-inner \"><div class=\"wpb_wrapper\"><\/div><\/div><\/div><div class=\"wpb_column vc_column_container vc_col-sm-6 vc_col-lg-6 vc_col-md-6 vc_col-xs-12 wow fadeInUp text-center xs-text-center pofo-column-responsive-69e9dadb1ad1e\"><div class=\"vc_column-inner vc_custom_1673445862067\"><div class=\"wpb_wrapper\"><div class=\"padding-fifteen-all xs-padding-five-lr xs-padding-ten-tb display-table-cell vertical-align-middle featurebox6-1 featurebox6 pofo-featurebox  vc_custom_1673445940706\" ><i class=\"link-icon margin-two-top text-deep-pink ti-info-alt icon-medium\"><\/i><span class=\"display-block alt-font font-weight-600 text-extra-dark-gray margin-25px-top sm-margin-15px-top\">DevOps<\/span><div class=\"last-paragraph-no-margin margin-5px-top\"><p>DevOps asks <strong>WHAT<\/strong> needs to be done to bridge the gap between development and Operations.<\/p>\n<\/div><\/div><\/div><\/div><\/div><div class=\"wpb_column vc_column_container vc_col-sm-6 vc_col-lg-6 vc_col-md-6 vc_col-xs-12 wow fadeInUp text-center xs-text-center pofo-column-responsive-69e9dadb1ae13\" data-wow-delay= 200ms><div class=\"vc_column-inner vc_custom_1673445869418\"><div class=\"wpb_wrapper\"><div class=\"padding-fifteen-all xs-padding-five-lr xs-padding-ten-tb display-table-cell vertical-align-middle featurebox6-2 featurebox6 pofo-featurebox  vc_custom_1673445921976\" ><i class=\"link-icon margin-two-top text-deep-pink ti-info-alt icon-medium\"><\/i><span class=\"display-block alt-font font-weight-600 text-extra-dark-gray margin-25px-top sm-margin-15px-top\">SRE<\/span><div class=\"last-paragraph-no-margin margin-5px-top\"><p>SRE looks at <strong>HOW<\/strong> things need to be done to bridge the gap between development and Operations.<\/p>\n<\/div><\/div><\/div><\/div><\/div><\/section><div class=\"vc_row-full-width vc_clearfix\"><\/div><section data-vc-full-width=\"true\" data-vc-full-width-init=\"false\" class=\"vc_row wpb_row vc_row-fluid  vc_custom_1671707894962 vc_row-has-fill pofo-stretch-content pofo-stretch-row-container\"><div class=\"wpb_column vc_column_container vc_col-sm-12  col-xs-mobile-fullwidth text-center\"><div class=\"vc_column-inner \"><div class=\"wpb_wrapper\"><h4 class=\"text-extra-dark-gray margin-20px-bottom font-weight-600 display-inline-block heading-style2  vc_custom_1672919162646  heading-9\"  style=\"font-weight: 300;\">Success stories<\/h4><div class=\" vc_custom_1672919169713 last-paragraph-no-margin\"><p>Check some of our projects<\/p>\n<\/div>[vc_basic_grid post_type=&#8221;page&#8221; max_items=&#8221;6&#8243; style=&#8221;pagination&#8221; items_per_page=&#8221;3&#8243; item=&#8221;28767&#8243; grid_id=&#8221;vc_gid:1673445852725-646bcf87-1632-8&#8243; taxonomies=&#8221;97&#8243; css=&#8221;.vc_custom_1671707825492{margin-bottom: 40px !important;}&#8221; el_class=&#8221;casosexito&#8221;]<\/div><\/div><\/div><\/section><div class=\"vc_row-full-width vc_clearfix\"><\/div><section data-vc-full-width=\"true\" data-vc-full-width-init=\"false\" data-vc-stretch-content=\"true\" class=\"vc_row wpb_row vc_row-fluid  vc_custom_1671703272156 pofo-stretch-content vc_row-o-equal-height vc_row-flex\"><div class=\"wpb_column vc_column_container vc_col-sm-12  col-xs-mobile-fullwidth text-center\"><div class=\"vc_column-inner \"><div class=\"wpb_wrapper\"><h4 class=\"text-extra-dark-gray margin-20px-bottom font-weight-600 display-inline-block heading-style2  vc_custom_1672919186842  heading-10\"  style=\"font-weight: 300;\">Latest blog posts<\/h4>[vc_basic_grid post_type=&#8221;post&#8221; max_items=&#8221;9&#8243; style=&#8221;pagination&#8221; items_per_page=&#8221;3&#8243; item=&#8221;masonryGrid_BlurOut&#8221; grid_id=&#8221;vc_gid:1673445852726-80eae9ea-0e25-7&#8243; taxonomies=&#8221;73&#8243;]<\/div><\/div><\/div><\/section><div class=\"vc_row-full-width vc_clearfix\"><\/div><section data-vc-full-width=\"true\" data-vc-full-width-init=\"false\" class=\"vc_row wpb_row vc_row-fluid  vc_custom_1577782597792 vc_row-has-fill pofo-stretch-content pofo-stretch-row-container vc_row-o-equal-height vc_row-flex\"><div class=\"wpb_column vc_column_container vc_col-sm-12  col-xs-mobile-fullwidth text-center\"><div class=\"vc_column-inner \"><div class=\"wpb_wrapper\"><h5 class=\"text-extra-dark-gray margin-20px-bottom font-weight-600 display-inline-block alt-font heading-style2  vc_custom_1672919202505  heading-11\"  style=\"font-weight: 600; color: #ffffff;\">Do you want more information about our SRE services?<\/h5><div class=\" vc_custom_1672919210052 last-paragraph-no-margin\"><p><span style=\"color: #ffffff;\">Contact us and we will send it to you<\/span><\/p>\n<\/div>\n<div class=\"wpcf7 no-js\" id=\"wpcf7-f22677-o1\" lang=\"en-US\" dir=\"ltr\" data-wpcf7-id=\"22677\">\n<div class=\"screen-reader-response\"><p role=\"status\" aria-live=\"polite\" aria-atomic=\"true\"><\/p> <ul><\/ul><\/div>\n<form action=\"\/en\/wp-json\/wp\/v2\/pages\/30035#wpcf7-f22677-o1\" method=\"post\" class=\"wpcf7-form init\" aria-label=\"Contact form\" novalidate=\"novalidate\" data-status=\"init\">\n<div style=\"display: none;\">\n<input type=\"hidden\" name=\"_wpcf7\" value=\"22677\" \/>\n<input type=\"hidden\" name=\"_wpcf7_version\" value=\"6.0.6\" \/>\n<input type=\"hidden\" name=\"_wpcf7_locale\" value=\"en_US\" \/>\n<input type=\"hidden\" name=\"_wpcf7_unit_tag\" value=\"wpcf7-f22677-o1\" \/>\n<input type=\"hidden\" name=\"_wpcf7_container_post\" value=\"0\" \/>\n<input type=\"hidden\" name=\"_wpcf7_posted_data_hash\" value=\"\" \/>\n<\/div>\n<div class=\"col-md-6\">\n\t<p><span class=\"wpcf7-form-control-wrap\" data-name=\"contact-name\"><input size=\"40\" maxlength=\"400\" class=\"wpcf7-form-control wpcf7-text wpcf7-validates-as-required big-input\" aria-required=\"true\" aria-invalid=\"false\" placeholder=\"Nombre y Apellidos*\" value=\"\" type=\"text\" name=\"contact-name\" \/><\/span>\n\t<\/p>\n<\/div>\n<div class=\"col-md-6\">\n\t<p><span class=\"wpcf7-form-control-wrap\" data-name=\"contact-empresa\"><input size=\"40\" maxlength=\"400\" class=\"wpcf7-form-control wpcf7-text wpcf7-validates-as-required big-input\" aria-required=\"true\" aria-invalid=\"false\" placeholder=\"Empresa\" value=\"\" type=\"text\" name=\"contact-empresa\" \/><\/span>\n\t<\/p>\n<\/div>\n<div class=\"col-md-6\">\n\t<p><span class=\"wpcf7-form-control-wrap\" data-name=\"contact-email\"><input size=\"40\" maxlength=\"400\" class=\"wpcf7-form-control wpcf7-email wpcf7-validates-as-required wpcf7-text wpcf7-validates-as-email big-input\" aria-required=\"true\" aria-invalid=\"false\" placeholder=\"E-mail *\" value=\"\" type=\"email\" name=\"contact-email\" \/><\/span>\n\t<\/p>\n<\/div>\n<div class=\"col-md-6\">\n\t<p><span class=\"wpcf7-form-control-wrap\" data-name=\"contact-phone\"><input size=\"40\" maxlength=\"400\" class=\"wpcf7-form-control wpcf7-text big-input\" aria-invalid=\"false\" placeholder=\"Tel\u00e9fono\" value=\"\" type=\"text\" name=\"contact-phone\" \/><\/span>\n\t<\/p>\n<\/div>\n<div class=\"col-md-12\">\n\t<p><span class=\"wpcf7-form-control-wrap\" data-name=\"contact-message\"><textarea cols=\"40\" rows=\"3\" maxlength=\"2000\" class=\"wpcf7-form-control wpcf7-textarea xs-margin-20px-bottom big-textarea\" aria-invalid=\"false\" placeholder=\"Comentarios\" name=\"contact-message\"><\/textarea><\/span>\n\t<\/p>\n<\/div>\n<div class=\"col-md-12\">\n\t<div style=\"font-size:12px; color:white;\">\n\t\t<p>RESPONSABLE TRATAMIENTO: Kiteris Solutions S.L. - FINALIDAD: Tratar sus datos para poder enviarle informaci\u00f3n sobre el servicio solicitado. - LEGITIMACI\u00d3N: Consentimiento del interesado. - CESIONES: No se prev\u00e9n cesiones, excepto por obligaci\u00f3n legal o requerimiento judicial. - DERECHOS: Acceso, rectificaci\u00f3n, supresi\u00f3n, oposici\u00f3n, limitaci\u00f3n, portabilidad, revocaci\u00f3n del consentimiento. Si considera que el tratamiento de sus datos no se ajusta a la normativa, puede acudir a la Autoridad de Control (<a href=\"https:\/\/www.aepd.es\">www.aepd.es<\/a>). - INFORMACI\u00d3N ADICIONAL: <a href=\"https:\/\/www.kiteris.com\/politica-privacidad\">www.kiteris.com\/politica-privacidad<\/a>\n\t\t<\/p>\n\t<\/div>\n\t<p><span class=\"wpcf7-form-control-wrap\" data-name=\"acceptance-290\"><span class=\"wpcf7-form-control wpcf7-acceptance\"><span class=\"wpcf7-list-item\"><input type=\"checkbox\" name=\"acceptance-290\" value=\"1\" aria-invalid=\"false\" \/><\/span><\/span><\/span> Acepto que se traten mis datos para recibir informaci\u00f3n sobre el servicio solicitado<br \/>\n\t\t<center><input class=\"wpcf7-form-control wpcf7-submit has-spinner azul btn pofo-button-2 cover-background button-style5 btn-light-gray btn-rounded btn-small vc_custom_1571839491147\" type=\"submit\" value=\"Enviar\" \/>\n\t\t<\/center>\n\t<\/p>\n<\/div><input type='hidden' class='wpcf7-pum' value='{\"closepopup\":false,\"closedelay\":0,\"openpopup\":false,\"openpopup_id\":0}' \/><div class=\"wpcf7-response-output\" aria-hidden=\"true\"><\/div>\n<\/form>\n<\/div>\n<\/div><\/div><\/div><\/section><div class=\"vc_row-full-width vc_clearfix\"><\/div>\n<\/div>","protected":false},"excerpt":{"rendered":"SRE Site Reliability EngineeringAt Kiteris we interpret SRE as a framework of the DevOps philosophy applied to maintenance for all types of companies. We consider that SRE details a series of work rules that allow an approach and interpretation of the DevOps philosophy, applied to the reliability of applications and services. For us, a reference simile would be the Scrum framework with respect to the principles of Agile. DefinitionSRE is the acronym for Site Reliability Engineering. This translates as Site Reliability Engineering. ConceptThe concept emerged in 2003. When Ben Treynor of Google noticed that no architectural method had succeeded in meeting the requirements of large-scale application or system development. ObjectiveThe main goal of SRE is to develop a highly reliable and ultra-scalable software application or system. Tools and automation...[vc_single_image image=\"29851\" img_size=\"310x303\" alignment=\"center\"]of manual tasks.Anticipate problems...[vc_single_image image=\"29853\" img_size=\"310x303\" alignment=\"center\"]through proper monitoring (observability).Measure as much as possible...[vc_single_image image=\"29855\" img_size=\"310x303\" alignment=\"center\"]with the implementation of SL's (SLA's, SLO's and SLI's).SREHow does SRE complement DevOps?The concept of SRE was born before the DevOps philosophy. This is not to say that they do not share many ideas and that they are intended to cover similar objectives, but they raise different questions. Is SRE the same as...","protected":false},"author":1,"featured_media":0,"parent":0,"menu_order":0,"comment_status":"closed","ping_status":"closed","template":"","meta":{"footnotes":""},"categories":[],"tags":[],"class_list":["post-30035","page","type-page","status-publish","hentry"],"yoast_head":"<!-- This site is optimized with the Yoast SEO plugin v25.1 - https:\/\/yoast.com\/wordpress\/plugins\/seo\/ -->\n<title>SRE Site Reliability Engineering - kiteris<\/title>\n<meta name=\"robots\" content=\"index, follow, max-snippet:-1, max-image-preview:large, max-video-preview:-1\" \/>\n<link rel=\"canonical\" href=\"https:\/\/www.kiteris.com\/en\/sre-site-reliability-engineering\/\" \/>\n<meta property=\"og:locale\" content=\"en_US\" \/>\n<meta property=\"og:type\" content=\"article\" \/>\n<meta property=\"og:title\" content=\"SRE Site Reliability Engineering - kiteris\" \/>\n<meta property=\"og:url\" content=\"https:\/\/www.kiteris.com\/en\/sre-site-reliability-engineering\/\" \/>\n<meta property=\"og:site_name\" content=\"kiteris\" \/>\n<meta property=\"article:modified_time\" content=\"2025-10-14T10:41:13+00:00\" \/>\n<meta name=\"twitter:card\" content=\"summary_large_image\" \/>\n<meta name=\"twitter:label1\" content=\"Est. reading time\" \/>\n\t<meta name=\"twitter:data1\" content=\"4 minutes\" \/>\n<script type=\"application\/ld+json\" class=\"yoast-schema-graph\">{\"@context\":\"https:\/\/schema.org\",\"@graph\":[{\"@type\":\"WebPage\",\"@id\":\"https:\/\/www.kiteris.com\/en\/sre-site-reliability-engineering\/\",\"url\":\"https:\/\/www.kiteris.com\/en\/sre-site-reliability-engineering\/\",\"name\":\"SRE Site Reliability Engineering - kiteris\",\"isPartOf\":{\"@id\":\"https:\/\/www.kiteris.com\/#website\"},\"datePublished\":\"2022-12-28T14:42:08+00:00\",\"dateModified\":\"2025-10-14T10:41:13+00:00\",\"breadcrumb\":{\"@id\":\"https:\/\/www.kiteris.com\/en\/sre-site-reliability-engineering\/#breadcrumb\"},\"inLanguage\":\"en-US\",\"potentialAction\":[{\"@type\":\"ReadAction\",\"target\":[\"https:\/\/www.kiteris.com\/en\/sre-site-reliability-engineering\/\"]}]},{\"@type\":\"BreadcrumbList\",\"@id\":\"https:\/\/www.kiteris.com\/en\/sre-site-reliability-engineering\/#breadcrumb\",\"itemListElement\":[{\"@type\":\"ListItem\",\"position\":1,\"name\":\"Portada\",\"item\":\"https:\/\/www.kiteris.com\/en\/\"},{\"@type\":\"ListItem\",\"position\":2,\"name\":\"SRE Site Reliability Engineering\"}]},{\"@type\":\"WebSite\",\"@id\":\"https:\/\/www.kiteris.com\/#website\",\"url\":\"https:\/\/www.kiteris.com\/\",\"name\":\"kiteris\",\"description\":\"Servicios tecnol\u00f3gicos\",\"potentialAction\":[{\"@type\":\"SearchAction\",\"target\":{\"@type\":\"EntryPoint\",\"urlTemplate\":\"https:\/\/www.kiteris.com\/?s={search_term_string}\"},\"query-input\":{\"@type\":\"PropertyValueSpecification\",\"valueRequired\":true,\"valueName\":\"search_term_string\"}}],\"inLanguage\":\"en-US\"}]}<\/script>\n<!-- \/ Yoast SEO plugin. -->","yoast_head_json":{"title":"SRE Site Reliability Engineering - kiteris","robots":{"index":"index","follow":"follow","max-snippet":"max-snippet:-1","max-image-preview":"max-image-preview:large","max-video-preview":"max-video-preview:-1"},"canonical":"https:\/\/www.kiteris.com\/en\/sre-site-reliability-engineering\/","og_locale":"en_US","og_type":"article","og_title":"SRE Site Reliability Engineering - kiteris","og_url":"https:\/\/www.kiteris.com\/en\/sre-site-reliability-engineering\/","og_site_name":"kiteris","article_modified_time":"2025-10-14T10:41:13+00:00","twitter_card":"summary_large_image","twitter_misc":{"Est. reading time":"4 minutes"},"schema":{"@context":"https:\/\/schema.org","@graph":[{"@type":"WebPage","@id":"https:\/\/www.kiteris.com\/en\/sre-site-reliability-engineering\/","url":"https:\/\/www.kiteris.com\/en\/sre-site-reliability-engineering\/","name":"SRE Site Reliability Engineering - kiteris","isPartOf":{"@id":"https:\/\/www.kiteris.com\/#website"},"datePublished":"2022-12-28T14:42:08+00:00","dateModified":"2025-10-14T10:41:13+00:00","breadcrumb":{"@id":"https:\/\/www.kiteris.com\/en\/sre-site-reliability-engineering\/#breadcrumb"},"inLanguage":"en-US","potentialAction":[{"@type":"ReadAction","target":["https:\/\/www.kiteris.com\/en\/sre-site-reliability-engineering\/"]}]},{"@type":"BreadcrumbList","@id":"https:\/\/www.kiteris.com\/en\/sre-site-reliability-engineering\/#breadcrumb","itemListElement":[{"@type":"ListItem","position":1,"name":"Portada","item":"https:\/\/www.kiteris.com\/en\/"},{"@type":"ListItem","position":2,"name":"SRE Site Reliability Engineering"}]},{"@type":"WebSite","@id":"https:\/\/www.kiteris.com\/#website","url":"https:\/\/www.kiteris.com\/","name":"kiteris","description":"Servicios tecnol\u00f3gicos","potentialAction":[{"@type":"SearchAction","target":{"@type":"EntryPoint","urlTemplate":"https:\/\/www.kiteris.com\/?s={search_term_string}"},"query-input":{"@type":"PropertyValueSpecification","valueRequired":true,"valueName":"search_term_string"}}],"inLanguage":"en-US"}]}},"_links":{"self":[{"href":"https:\/\/www.kiteris.com\/en\/wp-json\/wp\/v2\/pages\/30035","targetHints":{"allow":["GET"]}}],"collection":[{"href":"https:\/\/www.kiteris.com\/en\/wp-json\/wp\/v2\/pages"}],"about":[{"href":"https:\/\/www.kiteris.com\/en\/wp-json\/wp\/v2\/types\/page"}],"author":[{"embeddable":true,"href":"https:\/\/www.kiteris.com\/en\/wp-json\/wp\/v2\/users\/1"}],"replies":[{"embeddable":true,"href":"https:\/\/www.kiteris.com\/en\/wp-json\/wp\/v2\/comments?post=30035"}],"version-history":[{"count":6,"href":"https:\/\/www.kiteris.com\/en\/wp-json\/wp\/v2\/pages\/30035\/revisions"}],"predecessor-version":[{"id":30103,"href":"https:\/\/www.kiteris.com\/en\/wp-json\/wp\/v2\/pages\/30035\/revisions\/30103"}],"wp:attachment":[{"href":"https:\/\/www.kiteris.com\/en\/wp-json\/wp\/v2\/media?parent=30035"}],"wp:term":[{"taxonomy":"category","embeddable":true,"href":"https:\/\/www.kiteris.com\/en\/wp-json\/wp\/v2\/categories?post=30035"},{"taxonomy":"post_tag","embeddable":true,"href":"https:\/\/www.kiteris.com\/en\/wp-json\/wp\/v2\/tags?post=30035"}],"curies":[{"name":"wp","href":"https:\/\/api.w.org\/{rel}","templated":true}]}}